{"id":12,"date":"2023-11-08T00:55:23","date_gmt":"2023-11-07T23:55:23","guid":{"rendered":"https:\/\/alainbecerra.pro\/?page_id=12"},"modified":"2023-11-10T20:51:35","modified_gmt":"2023-11-10T19:51:35","slug":"landig","status":"publish","type":"page","link":"https:\/\/alainbecerra.pro\/index.php\/landig\/","title":{"rendered":"Landig"},"content":{"rendered":"<p>[et_pb_section fb_built=&#8221;1&#8243; _builder_version=&#8221;4.7.7&#8243; _module_preset=&#8221;default&#8221; background_image=&#8221;https:\/\/alainbecerra.pro\/wp-content\/uploads\/2023\/11\/ordFondo-Banner-inicio-8.png&#8221;][et_pb_row column_structure=&#8221;1_2,1_2&#8243; _builder_version=&#8221;4.7.7&#8243; _module_preset=&#8221;default&#8221;][et_pb_column type=&#8221;1_2&#8243; _builder_version=&#8221;4.7.7&#8243; _module_preset=&#8221;default&#8221;][et_pb_text _builder_version=&#8221;4.7.7&#8243; _module_preset=&#8221;default&#8221; header_font=&#8221;Poppins|600|||||||&#8221; header_text_align=&#8221;left&#8221; header_font_size=&#8221;76px&#8221; header_text_align_tablet=&#8221;&#8221; header_text_align_phone=&#8221;center&#8221; header_text_align_last_edited=&#8221;on|desktop&#8221; header_font_size_tablet=&#8221;&#8221; header_font_size_phone=&#8221;64px&#8221; header_font_size_last_edited=&#8221;on|desktop&#8221;]<\/p>\n<h1><span style=\"color: #23cfc3;\">Dr. Alain<\/span><\/h1>\n<h1><span style=\"color: #f49f9d;\">Becerra<\/span><\/h1>\n<p>[\/et_pb_text][et_pb_text _builder_version=&#8221;4.7.7&#8243; _module_preset=&#8221;default&#8221; header_3_font=&#8221;Poppins|300|||||||&#8221; header_3_text_align=&#8221;justify&#8221; header_3_text_align_tablet=&#8221;justify&#8221; header_3_text_align_phone=&#8221;center&#8221; header_3_text_align_last_edited=&#8221;on|tablet&#8221; header_3_font_size_tablet=&#8221;&#8221; header_3_font_size_phone=&#8221;18px&#8221; header_3_font_size_last_edited=&#8221;on|phone&#8221;]<\/p>\n<h3>En la Cl\u00ednica del Dr. Alain Becerra, ofrecemos excelencia m\u00e9dica en ginecolog\u00eda, obstetricia y urolog\u00eda ginecol\u00f3gica. Tu salud y seguridad son nuestra prioridad. Mejora tu calidad de vida y autoestima con nosotros.<\/h3>\n<p>[\/et_pb_text][et_pb_text _builder_version=&#8221;4.7.7&#8243; _module_preset=&#8221;default&#8221; header_2_font=&#8221;Poppins|700|||||||&#8221; header_2_text_align=&#8221;left&#8221; header_2_text_align_tablet=&#8221;&#8221; header_2_text_align_phone=&#8221;center&#8221; header_2_text_align_last_edited=&#8221;on|phone&#8221; header_2_font_size_tablet=&#8221;&#8221; header_2_font_size_phone=&#8221;21px&#8221; header_2_font_size_last_edited=&#8221;on|phone&#8221;]<\/p>\n<h2><span style=\"color: #f49f9d;\">\u00a1Programa tu consulta hoy y descubre una vida mejor!<\/span><\/h2>\n<p>[\/et_pb_text][et_pb_text _builder_version=&#8221;4.7.7&#8243; _module_preset=&#8221;default&#8221; header_2_font=&#8221;Poppins||||||||&#8221; header_2_text_align=&#8221;center&#8221; header_2_text_color=&#8221;#FFFFFF&#8221; background_color=&#8221;#23cfc3&#8243; width=&#8221;52%&#8221; width_tablet=&#8221;&#8221; width_phone=&#8221;92%&#8221; width_last_edited=&#8221;on|phone&#8221; min_height=&#8221;53px&#8221; custom_margin_tablet=&#8221;&#8221; custom_margin_phone=&#8221;|||11px|false|false&#8221; custom_margin_last_edited=&#8221;on|phone&#8221; custom_padding=&#8221;12px||||false|false&#8221; link_option_url=&#8221;#Formulario&#8221; border_radii=&#8221;on|100px|100px|100px|100px&#8221; box_shadow_style=&#8221;preset2&#8243;]<\/p>\n<h2>Conoce m\u00e1s&#8230;<\/h2>\n<p>[\/et_pb_text][\/et_pb_column][et_pb_column type=&#8221;1_2&#8243; _builder_version=&#8221;4.7.7&#8243; _module_preset=&#8221;default&#8221;][et_pb_image src=&#8221;https:\/\/alainbecerra.pro\/wp-content\/uploads\/2023\/11\/ordDr.-Alain-Becerra-8.png&#8221; title_text=&#8221;ordDr. Alain Becerra-8&#8243; _builder_version=&#8221;4.7.7&#8243; _module_preset=&#8221;default&#8221; transform_scale_tablet=&#8221;&#8221; transform_scale_phone=&#8221;&#8221; transform_scale_last_edited=&#8221;on|desktop&#8221; transform_translate=&#8221;183px|82px&#8221; transform_translate_tablet=&#8221;&#8221; transform_translate_phone=&#8221;54px|82px&#8221; transform_translate_last_edited=&#8221;on|tablet&#8221; transform_translate_linked=&#8221;off&#8221; transform_rotate_tablet=&#8221;&#8221; transform_rotate_phone=&#8221;&#8221; transform_rotate_last_edited=&#8221;on|desktop&#8221; transform_skew_tablet=&#8221;&#8221; transform_skew_phone=&#8221;&#8221; transform_skew_last_edited=&#8221;on|desktop&#8221; transform_origin_tablet=&#8221;&#8221; transform_origin_phone=&#8221;&#8221; transform_origin_last_edited=&#8221;on|desktop&#8221; transform_styles_last_edited=&#8221;on|tablet&#8221; width_tablet=&#8221;71%&#8221; width_phone=&#8221;92%&#8221; width_last_edited=&#8221;on|phone&#8221; custom_margin_tablet=&#8221;&#8221; custom_margin_phone=&#8221;|||-32px|false|false&#8221; custom_margin_last_edited=&#8221;on|phone&#8221; transform_styles_tablet=&#8221;&#8221; transform_styles_phone=&#8221;&#8221;][\/et_pb_image][\/et_pb_column][\/et_pb_row][\/et_pb_section][et_pb_section fb_built=&#8221;1&#8243; _builder_version=&#8221;4.7.7&#8243; _module_preset=&#8221;default&#8221; background_image=&#8221;https:\/\/alainbecerra.pro\/wp-content\/uploads\/2023\/11\/ordFondo-blanco-8.png&#8221;][et_pb_row column_structure=&#8221;1_2,1_2&#8243; _builder_version=&#8221;4.7.7&#8243; _module_preset=&#8221;default&#8221;][et_pb_column type=&#8221;1_2&#8243; _builder_version=&#8221;4.7.7&#8243; _module_preset=&#8221;default&#8221;][et_pb_image src=&#8221;https:\/\/alainbecerra.pro\/wp-content\/uploads\/2023\/11\/ordbanner-dos-8.png&#8221; title_text=&#8221;ordbanner dos -8&#8243; align=&#8221;center&#8221; _builder_version=&#8221;4.7.7&#8243; _module_preset=&#8221;default&#8221; width=&#8221;64%&#8221; width_tablet=&#8221;&#8221; width_phone=&#8221;67%&#8221; width_last_edited=&#8221;on|phone&#8221; custom_margin=&#8221;-45px||||false|false&#8221; custom_margin_tablet=&#8221;&#8221; custom_margin_phone=&#8221;&#8221; custom_margin_last_edited=&#8221;on|desktop&#8221;][\/et_pb_image][\/et_pb_column][et_pb_column type=&#8221;1_2&#8243; _builder_version=&#8221;4.7.7&#8243; _module_preset=&#8221;default&#8221;][et_pb_text _builder_version=&#8221;4.7.7&#8243; _module_preset=&#8221;default&#8221; header_font=&#8221;Poppins|600|||||||&#8221; header_text_align=&#8221;center&#8221; header_font_size=&#8221;56px&#8221; header_text_align_tablet=&#8221;&#8221; header_text_align_phone=&#8221;center&#8221; header_text_align_last_edited=&#8221;on|phone&#8221; header_font_size_tablet=&#8221;&#8221; header_font_size_phone=&#8221;34px&#8221; header_font_size_last_edited=&#8221;on|desktop&#8221;]<\/p>\n<h1><span color=\"#23cfc3\" style=\"color: #23cfc3;\">\u00bfQui\u00e9n es el<\/span><\/h1>\n<h1><span style=\"color: #f49f9d;\">Dr. Alain Becerra?<\/span><\/h1>\n<p>[\/et_pb_text][\/et_pb_column][\/et_pb_row][et_pb_row _builder_version=&#8221;4.7.7&#8243; _module_preset=&#8221;default&#8221;][et_pb_column type=&#8221;4_4&#8243; _builder_version=&#8221;4.7.7&#8243; _module_preset=&#8221;default&#8221;][et_pb_image src=&#8221;https:\/\/alainbecerra.pro\/wp-content\/uploads\/2023\/11\/ordimagen-8.png&#8221; title_text=&#8221;ordimagen -8&#8243; align=&#8221;center&#8221; _builder_version=&#8221;4.7.7&#8243; _module_preset=&#8221;default&#8221; width=&#8221;24%&#8221; width_tablet=&#8221;52%&#8221; width_phone=&#8221;78%&#8221; width_last_edited=&#8221;on|desktop&#8221; custom_margin=&#8221;-23px||||false|false&#8221; custom_margin_tablet=&#8221;-25px||||false|false&#8221; custom_margin_phone=&#8221;-46px||||false|false&#8221; custom_margin_last_edited=&#8221;on|desktop&#8221;][\/et_pb_image][\/et_pb_column][\/et_pb_row][et_pb_row column_structure=&#8221;1_3,1_3,1_3&#8243; _builder_version=&#8221;4.7.7&#8243; _module_preset=&#8221;default&#8221; custom_margin=&#8221;-54px||||false|false&#8221; custom_margin_tablet=&#8221;-13px||||false|false&#8221; custom_margin_phone=&#8221;-14px||||false|false&#8221; custom_margin_last_edited=&#8221;on|desktop&#8221;][et_pb_column type=&#8221;1_3&#8243; _builder_version=&#8221;4.7.7&#8243; _module_preset=&#8221;default&#8221;][et_pb_image src=&#8221;https:\/\/alainbecerra.pro\/wp-content\/uploads\/2023\/11\/ordRecurso-5-8.png&#8221; title_text=&#8221;ordRecurso 5-8&#8243; align=&#8221;center&#8221; _builder_version=&#8221;4.7.7&#8243; _module_preset=&#8221;default&#8221; width=&#8221;61%&#8221; width_tablet=&#8221;34%&#8221; width_phone=&#8221;50%&#8221; width_last_edited=&#8221;on|desktop&#8221; custom_margin_tablet=&#8221;-45px||||false|false&#8221; custom_margin_phone=&#8221;-66px||||false|false&#8221; custom_margin_last_edited=&#8221;on|desktop&#8221;][\/et_pb_image][et_pb_text _builder_version=&#8221;4.7.7&#8243; _module_preset=&#8221;default&#8221; header_2_font=&#8221;Poppins|700|||||||&#8221; header_2_text_align=&#8221;center&#8221; header_2_text_color=&#8221;#23cfc3&#8243; custom_margin=&#8221;-21px||||false|false&#8221; custom_margin_tablet=&#8221;&#8221; custom_margin_phone=&#8221;&#8221; custom_margin_last_edited=&#8221;on|desktop&#8221; header_2_text_align_tablet=&#8221;&#8221; header_2_text_align_phone=&#8221;center&#8221; header_2_text_align_last_edited=&#8221;on|phone&#8221; header_2_font_size_tablet=&#8221;&#8221; header_2_font_size_phone=&#8221;21px&#8221; header_2_font_size_last_edited=&#8221;on|phone&#8221; locked=&#8221;off&#8221;]<\/p>\n<h2><span style=\"color: #23cfc3;\">Mi experiencia\u00a0<\/span><\/h2>\n<p>[\/et_pb_text][et_pb_text _builder_version=&#8221;4.7.7&#8243; _module_preset=&#8221;default&#8221; header_3_font=&#8221;Poppins|300|||||||&#8221; header_3_text_align=&#8221;center&#8221;]<\/p>\n<h3>Soy m\u00e9dico especialista en ginecolog\u00eda, obstetricia y urolog\u00eda ginecol\u00f3gica desde 2015<\/h3>\n<p>[\/et_pb_text][\/et_pb_column][et_pb_column type=&#8221;1_3&#8243; _builder_version=&#8221;4.7.7&#8243; _module_preset=&#8221;default&#8221;][et_pb_image src=&#8221;https:\/\/alainbecerra.pro\/wp-content\/uploads\/2023\/11\/ordRecurso-6-8.png&#8221; title_text=&#8221;ordRecurso 6-8&#8243; align=&#8221;center&#8221; _builder_version=&#8221;4.7.7&#8243; _module_preset=&#8221;default&#8221; width=&#8221;61%&#8221; width_tablet=&#8221;34%&#8221; width_phone=&#8221;50%&#8221; width_last_edited=&#8221;on|desktop&#8221; locked=&#8221;off&#8221;][\/et_pb_image][et_pb_text _builder_version=&#8221;4.7.7&#8243; _module_preset=&#8221;default&#8221; header_2_font=&#8221;Poppins|700|||||||&#8221; header_2_text_align=&#8221;center&#8221; header_2_text_color=&#8221;#23cfc3&#8243; custom_margin=&#8221;-21px||||false|false&#8221; custom_margin_tablet=&#8221;&#8221; custom_margin_phone=&#8221;&#8221; custom_margin_last_edited=&#8221;on|desktop&#8221; header_2_text_align_tablet=&#8221;&#8221; header_2_text_align_phone=&#8221;center&#8221; header_2_text_align_last_edited=&#8221;on|phone&#8221; header_2_font_size_tablet=&#8221;&#8221; header_2_font_size_phone=&#8221;21px&#8221; header_2_font_size_last_edited=&#8221;on|phone&#8221; locked=&#8221;off&#8221;]<\/p>\n<h2><span style=\"color: #23cfc3;\">Procedimientos seguros<\/span><\/h2>\n<p>[\/et_pb_text][et_pb_text _builder_version=&#8221;4.7.7&#8243; _module_preset=&#8221;default&#8221; header_3_font=&#8221;Poppins|300|||||||&#8221; header_3_text_align=&#8221;center&#8221; locked=&#8221;off&#8221;]<\/p>\n<h3>Me enfoco en procedimientos est\u00e9ticos genitales seguros y en resolver problemas del piso p\u00e9lvico<\/h3>\n<p>[\/et_pb_text][\/et_pb_column][et_pb_column type=&#8221;1_3&#8243; _builder_version=&#8221;4.7.7&#8243; _module_preset=&#8221;default&#8221;][et_pb_image src=&#8221;https:\/\/alainbecerra.pro\/wp-content\/uploads\/2023\/11\/ordRecurso-5-8.png&#8221; title_text=&#8221;ordRecurso 5-8&#8243; align=&#8221;center&#8221; _builder_version=&#8221;4.7.7&#8243; _module_preset=&#8221;default&#8221; width=&#8221;61%&#8221; width_tablet=&#8221;34%&#8221; width_phone=&#8221;50%&#8221; width_last_edited=&#8221;on|desktop&#8221; locked=&#8221;off&#8221;][\/et_pb_image][et_pb_text _builder_version=&#8221;4.7.7&#8243; _module_preset=&#8221;default&#8221; header_2_font=&#8221;Poppins|700|||||||&#8221; header_2_text_align=&#8221;center&#8221; header_2_text_color=&#8221;#23cfc3&#8243; custom_margin=&#8221;-21px||||false|false&#8221; custom_margin_tablet=&#8221;&#8221; custom_margin_phone=&#8221;&#8221; custom_margin_last_edited=&#8221;on|desktop&#8221; header_2_text_align_tablet=&#8221;&#8221; header_2_text_align_phone=&#8221;center&#8221; header_2_text_align_last_edited=&#8221;on|phone&#8221; header_2_font_size_tablet=&#8221;&#8221; header_2_font_size_phone=&#8221;21px&#8221; header_2_font_size_last_edited=&#8221;on|phone&#8221; locked=&#8221;off&#8221;]<\/p>\n<h2><span style=\"color: #23cfc3;\">Resultados comprobados<\/span><\/h2>\n<p>[\/et_pb_text][et_pb_text _builder_version=&#8221;4.7.7&#8243; _module_preset=&#8221;default&#8221; header_3_font=&#8221;Poppins|300|||||||&#8221; header_3_text_align=&#8221;center&#8221; locked=&#8221;off&#8221;]<\/p>\n<h3>Con m\u00e1s de 10 a\u00f1os de experiencia, he ayudado a cientos de mujeres a mejorar su salud y autoestima<\/h3>\n<p>[\/et_pb_text][\/et_pb_column][\/et_pb_row][\/et_pb_section][et_pb_section fb_built=&#8221;1&#8243; _builder_version=&#8221;4.7.7&#8243; _module_preset=&#8221;default&#8221; background_image=&#8221;https:\/\/alainbecerra.pro\/wp-content\/uploads\/2023\/11\/ordSeccion-banner-de-servicios-8.png&#8221; parallax=&#8221;on&#8221; background_last_edited=&#8221;on|phone&#8221; background_image_tablet=&#8221;https:\/\/alainbecerra.pro\/wp-content\/uploads\/2023\/11\/ordFondo-blanco-8.png&#8221; background_enable_image_tablet=&#8221;on&#8221; title_text_tablet=&#8221;ordFondo blanco-8&#8243;][et_pb_row _builder_version=&#8221;4.7.7&#8243; _module_preset=&#8221;default&#8221;][et_pb_column type=&#8221;4_4&#8243; _builder_version=&#8221;4.7.7&#8243; _module_preset=&#8221;default&#8221;][et_pb_text _builder_version=&#8221;4.7.7&#8243; _module_preset=&#8221;default&#8221; header_font=&#8221;Poppins|600|||||||&#8221; header_text_align=&#8221;right&#8221; header_font_size=&#8221;57px&#8221; header_text_align_tablet=&#8221;center&#8221; header_text_align_phone=&#8221;center&#8221; header_text_align_last_edited=&#8221;on|phone&#8221; header_text_color_tablet=&#8221;&#8221; header_text_color_phone=&#8221;&#8221; header_text_color_last_edited=&#8221;on|phone&#8221; header_font_size_tablet=&#8221;&#8221; header_font_size_phone=&#8221;41px&#8221; header_font_size_last_edited=&#8221;on|phone&#8221;]<\/p>\n<h1><span color=\"#23cfc3\" style=\"color: #23cfc3;\">Mis servicios<\/span><\/h1>\n<p>[\/et_pb_text][et_pb_text _builder_version=&#8221;4.7.7&#8243; _module_preset=&#8221;default&#8221; header_2_font=&#8221;Poppins|700|||||||&#8221; header_2_text_align=&#8221;right&#8221; header_2_text_color=&#8221;#f49f9d&#8221; header_2_font_size=&#8221;22px&#8221; header_2_text_align_tablet=&#8221;center&#8221; header_2_text_align_phone=&#8221;center&#8221; header_2_text_align_last_edited=&#8221;on|desktop&#8221; header_2_font_size_tablet=&#8221;&#8221; header_2_font_size_phone=&#8221;21px&#8221; header_2_font_size_last_edited=&#8221;on|phone&#8221; locked=&#8221;off&#8221;]<\/p>\n<h2>Ofrezco servicios m\u00e9dicos especializados para cuidar<\/h2>\n<h2>de tu bienestar y brindarte la seguridad que mereces<\/h2>\n<p>[\/et_pb_text][et_pb_slider use_bg_overlay=&#8221;off&#8221; use_text_overlay=&#8221;off&#8221; arrows_custom_color=&#8221;#23cfc3&#8243; dot_nav_custom_color=&#8221;#23cfc3&#8243; _builder_version=&#8221;4.7.7&#8243; _module_preset=&#8221;default&#8221; background_color=&#8221;rgba(0,0,0,0)&#8221; text_orientation=&#8221;right&#8221; hover_enabled=&#8221;0&#8243; sticky_enabled=&#8221;0&#8243;][et_pb_slide heading=&#8221;Atenci\u00f3n integral&#8221; image=&#8221;https:\/\/alainbecerra.pro\/wp-content\/uploads\/2023\/11\/ordAtencion-integral-8.png&#8221; alignment=&#8221;bottom&#8221; _builder_version=&#8221;4.7.7&#8243; _module_preset=&#8221;default&#8221; header_font=&#8221;Poppins||||||||&#8221; header_text_align=&#8221;center&#8221; header_text_color=&#8221;#f49f9d&#8221; body_font=&#8221;Poppins||||||||&#8221; body_text_align=&#8221;center&#8221; body_text_color=&#8221;#000000&#8243; background_layout=&#8221;light&#8221; hover_enabled=&#8221;0&#8243; sticky_transition=&#8221;on&#8221; sticky_enabled=&#8221;0&#8243;]<\/p>\n<div>Ofrecemos atenci\u00f3n integral obst\u00e9trica, desde la valoraci\u00f3n prenatal hasta la atenci\u00f3n del nacimiento de tu beb\u00e9 de forma segura para ambos\u00a0<\/div>\n<p>[\/et_pb_slide][et_pb_slide heading=&#8221;Colposcopia Avanzada&#8221; image=&#8221;https:\/\/alainbecerra.pro\/wp-content\/uploads\/2023\/11\/ordColposcopia-8.png&#8221; alignment=&#8221;bottom&#8221; _builder_version=&#8221;4.7.7&#8243; _module_preset=&#8221;default&#8221; header_font=&#8221;Poppins||||||||&#8221; header_text_align=&#8221;center&#8221; header_text_color=&#8221;#f49f9d&#8221; body_font=&#8221;Poppins||||||||&#8221; body_text_align=&#8221;center&#8221; body_text_color=&#8221;#000000&#8243; background_layout=&#8221;light&#8221; sticky_transition=&#8221;on&#8221;]<\/p>\n<div>Utilizamos tecnolog\u00eda de vanguardia para un diagn\u00f3stico preciso, brind\u00e1ndote tranquilidad y prevenci\u00f3n<\/div>\n<p>[\/et_pb_slide][et_pb_slide heading=&#8221;Problemas Urinarios y Cirug\u00eda&#8221; image=&#8221;https:\/\/alainbecerra.pro\/wp-content\/uploads\/2023\/11\/ordProblemas-urinarios-y-cirugia-8.png&#8221; alignment=&#8221;bottom&#8221; _builder_version=&#8221;4.7.7&#8243; _module_preset=&#8221;default&#8221; header_font=&#8221;Poppins||||||||&#8221; header_text_align=&#8221;center&#8221; header_text_color=&#8221;#f49f9d&#8221; body_font=&#8221;Poppins||||||||&#8221; body_text_align=&#8221;center&#8221; body_text_color=&#8221;#000000&#8243; background_layout=&#8221;light&#8221; sticky_transition=&#8221;on&#8221;]<\/p>\n<div>Abordamos problemas urinarios, vejiga ca\u00edda y otras condiciones con cirug\u00eda p\u00e9lvica y vaginal especializada<\/div>\n<p>[\/et_pb_slide][et_pb_slide heading=&#8221;Cirug\u00eda Laparosc\u00f3pica&#8221; image=&#8221;https:\/\/alainbecerra.pro\/wp-content\/uploads\/2023\/11\/ordCirugia-laroscopia-8.png&#8221; alignment=&#8221;bottom&#8221; _builder_version=&#8221;4.7.7&#8243; _module_preset=&#8221;default&#8221; header_font=&#8221;Poppins||||||||&#8221; header_text_align=&#8221;center&#8221; header_text_color=&#8221;#f49f9d&#8221; body_font=&#8221;Poppins||||||||&#8221; body_text_align=&#8221;center&#8221; body_text_color=&#8221;#000000&#8243; background_layout=&#8221;light&#8221; sticky_transition=&#8221;on&#8221;]<\/p>\n<div>Nuestra cirug\u00eda laparosc\u00f3pica de vanguardia garantiza una recuperaci\u00f3n m\u00e1s r\u00e1pida y menos molestias<\/div>\n<p>[\/et_pb_slide][\/et_pb_slider][\/et_pb_column][\/et_pb_row][\/et_pb_section][et_pb_section fb_built=&#8221;1&#8243; _builder_version=&#8221;4.7.7&#8243; _module_preset=&#8221;default&#8221; background_image=&#8221;https:\/\/alainbecerra.pro\/wp-content\/uploads\/2023\/11\/ordbANNER-TESTIMONIOS-8.png&#8221;][et_pb_row _builder_version=&#8221;4.7.7&#8243; _module_preset=&#8221;default&#8221;][et_pb_column type=&#8221;4_4&#8243; _builder_version=&#8221;4.7.7&#8243; _module_preset=&#8221;default&#8221;][et_pb_text _builder_version=&#8221;4.7.7&#8243; _module_preset=&#8221;default&#8221; header_font=&#8221;Poppins|600|||||||&#8221; header_text_align=&#8221;center&#8221; header_text_color=&#8221;#FFFFFF&#8221; header_font_size=&#8221;71px&#8221; header_text_align_tablet=&#8221;&#8221; header_text_align_phone=&#8221;center&#8221; header_text_align_last_edited=&#8221;on|desktop&#8221; header_font_size_tablet=&#8221;56px&#8221; header_font_size_phone=&#8221;43px&#8221; header_font_size_last_edited=&#8221;on|desktop&#8221; header_text_shadow_style=&#8221;preset1&#8243;]<\/p>\n<h1><span color=\"#23cfc3\" style=\"color: #ffffff;\">Testimonios<\/span><\/h1>\n<p>[\/et_pb_text][et_pb_gallery gallery_ids=&#8221;65,66,67&#8243; gallery_orderby=&#8221;rand&#8221; fullwidth=&#8221;on&#8221; _builder_version=&#8221;4.7.7&#8243; _module_preset=&#8221;default&#8221;][\/et_pb_gallery][et_pb_text _builder_version=&#8221;4.7.7&#8243; _module_preset=&#8221;default&#8221; header_font=&#8221;Poppins||||||||&#8221; header_text_align=&#8221;center&#8221; header_font_size=&#8221;1px&#8221; header_3_font=&#8221;Poppins||||||||&#8221; header_3_text_align=&#8221;center&#8221; header_3_text_color=&#8221;#FFFFFF&#8221; header_3_font_size=&#8221;29px&#8221; header_3_text_color_tablet=&#8221;&#8221; header_3_text_color_phone=&#8221;&#8221; header_3_text_color_last_edited=&#8221;on|desktop&#8221; header_3_font_size_tablet=&#8221;26px&#8221; header_3_font_size_phone=&#8221;20px&#8221; header_3_font_size_last_edited=&#8221;on|phone&#8221;]<\/p>\n<h3>El servicio que ofrezco <span style=\"color: #23cfc3;\">habla por s\u00ed mismo<\/span><\/h3>\n<p>[\/et_pb_text][\/et_pb_column][\/et_pb_row][\/et_pb_section][et_pb_section fb_built=&#8221;1&#8243; admin_label=&#8221;Formulario&#8221; module_id=&#8221;Formulario&#8221; _builder_version=&#8221;4.7.7&#8243; _module_preset=&#8221;default&#8221; background_image=&#8221;https:\/\/alainbecerra.pro\/wp-content\/uploads\/2023\/11\/ordFondo-blanco-8.png&#8221;][et_pb_row column_structure=&#8221;1_2,1_2&#8243; _builder_version=&#8221;4.7.7&#8243; _module_preset=&#8221;default&#8221;][et_pb_column type=&#8221;1_2&#8243; _builder_version=&#8221;4.7.7&#8243; _module_preset=&#8221;default&#8221;][et_pb_text _builder_version=&#8221;4.7.7&#8243; _module_preset=&#8221;default&#8221; header_font=&#8221;Poppins||||||||&#8221; header_text_align=&#8221;center&#8221; header_text_color=&#8221;#000000&#8243; header_font_size=&#8221;1px&#8221; header_3_font=&#8221;Poppins||||||||&#8221; header_3_text_align=&#8221;center&#8221; header_3_text_color=&#8221;#FFFFFF&#8221; header_3_font_size=&#8221;29px&#8221; header_3_text_color_tablet=&#8221;&#8221; header_3_text_color_phone=&#8221;&#8221; header_3_text_color_last_edited=&#8221;on|desktop&#8221; header_3_font_size_tablet=&#8221;26px&#8221; header_3_font_size_phone=&#8221;20px&#8221; header_3_font_size_last_edited=&#8221;on|phone&#8221; locked=&#8221;off&#8221;]<\/p>\n<h3><span style=\"color: #23cfc3;\"><span style=\"color: #f49f9d;\">Cont\u00e1ctame<\/span> y d\u00e9jame ayudarte en tu camino a la recuperaci\u00f3n de tu salud y tu confianza<\/span><\/h3>\n<p>[\/et_pb_text][\/et_pb_column][et_pb_column type=&#8221;1_2&#8243; _builder_version=&#8221;4.7.7&#8243; _module_preset=&#8221;default&#8221;][wpforms_selector form_id=&#8221;80&#8243; _builder_version=&#8221;4.7.7&#8243; _module_preset=&#8221;default&#8221;][\/wpforms_selector][\/et_pb_column][\/et_pb_row][\/et_pb_section][et_pb_section fb_built=&#8221;1&#8243; _builder_version=&#8221;4.7.7&#8243; _module_preset=&#8221;default&#8221; background_image=&#8221;https:\/\/alainbecerra.pro\/wp-content\/uploads\/2023\/11\/ordfother-8.png&#8221;][et_pb_row column_structure=&#8221;1_2,1_2&#8243; _builder_version=&#8221;4.7.7&#8243; _module_preset=&#8221;default&#8221;][et_pb_column type=&#8221;1_2&#8243; _builder_version=&#8221;4.7.7&#8243; _module_preset=&#8221;default&#8221;][et_pb_image src=&#8221;https:\/\/alainbecerra.pro\/wp-content\/uploads\/2023\/11\/ordlogotipo-8.png&#8221; title_text=&#8221;ordlogotipo-8&#8243; align_tablet=&#8221;center&#8221; align_phone=&#8221;&#8221; align_last_edited=&#8221;on|desktop&#8221; _builder_version=&#8221;4.7.7&#8243; _module_preset=&#8221;default&#8221; width=&#8221;49%&#8221; width_tablet=&#8221;&#8221; width_phone=&#8221;&#8221; width_last_edited=&#8221;on|tablet&#8221;][\/et_pb_image][et_pb_image src=&#8221;https:\/\/alainbecerra.pro\/wp-content\/uploads\/2023\/11\/ordwhatsapp-8.png&#8221; title_text=&#8221;ordwhatsapp-8&#8243; url=&#8221;https:\/\/api.whatsapp.com\/send?phone=+5614119437&#038;text=Hola%20buen%20d%C3%ADa%20me%20gustaria%20agendar%20una%20cita%20para&#8230;&#8221; url_new_window=&#8221;on&#8221; align_tablet=&#8221;center&#8221; align_phone=&#8221;center&#8221; align_last_edited=&#8221;on|desktop&#8221; _builder_version=&#8221;4.7.7&#8243; _module_preset=&#8221;default&#8221; width=&#8221;47%&#8221; width_tablet=&#8221;&#8221; width_phone=&#8221;&#8221; width_last_edited=&#8221;on|phone&#8221;][\/et_pb_image][\/et_pb_column][et_pb_column type=&#8221;1_2&#8243; _builder_version=&#8221;4.7.7&#8243; _module_preset=&#8221;default&#8221;][et_pb_image src=&#8221;https:\/\/alainbecerra.pro\/wp-content\/uploads\/2023\/11\/ordInformacion-8.png&#8221; title_text=&#8221;ordInformaci\u00f3n-8&#8243; _builder_version=&#8221;4.7.7&#8243; _module_preset=&#8221;default&#8221;][\/et_pb_image][\/et_pb_column][\/et_pb_row][\/et_pb_section]<\/p>\n","protected":false},"excerpt":{"rendered":"<p>[et_pb_section fb_built=&#8221;1&#8243; _builder_version=&#8221;4.7.7&#8243; _module_preset=&#8221;default&#8221; background_image=&#8221;https:\/\/alainbecerra.pro\/wp-content\/uploads\/2023\/11\/ordFondo-Banner-inicio-8.png&#8221;][et_pb_row column_structure=&#8221;1_2,1_2&#8243; _builder_version=&#8221;4.7.7&#8243; _module_preset=&#8221;default&#8221;][et_pb_column type=&#8221;1_2&#8243; _builder_version=&#8221;4.7.7&#8243; _module_preset=&#8221;default&#8221;][et_pb_text _builder_version=&#8221;4.7.7&#8243; _module_preset=&#8221;default&#8221; header_font=&#8221;Poppins|600|||||||&#8221; header_text_align=&#8221;left&#8221; header_font_size=&#8221;76px&#8221; header_text_align_tablet=&#8221;&#8221; header_text_align_phone=&#8221;center&#8221; header_text_align_last_edited=&#8221;on|desktop&#8221; header_font_size_tablet=&#8221;&#8221; header_font_size_phone=&#8221;64px&#8221; header_font_size_last_edited=&#8221;on|desktop&#8221;] Dr. Alain Becerra [\/et_pb_text][et_pb_text _builder_version=&#8221;4.7.7&#8243; _module_preset=&#8221;default&#8221; header_3_font=&#8221;Poppins|300|||||||&#8221; header_3_text_align=&#8221;justify&#8221; header_3_text_align_tablet=&#8221;justify&#8221; header_3_text_align_phone=&#8221;center&#8221; header_3_text_align_last_edited=&#8221;on|tablet&#8221; header_3_font_size_tablet=&#8221;&#8221; header_3_font_size_phone=&#8221;18px&#8221; header_3_font_size_last_edited=&#8221;on|phone&#8221;] En la Cl\u00ednica del Dr. Alain Becerra, ofrecemos excelencia m\u00e9dica en ginecolog\u00eda, obstetricia y urolog\u00eda ginecol\u00f3gica. Tu salud y [&hellip;]<\/p>\n","protected":false},"author":1,"featured_media":0,"parent":0,"menu_order":0,"comment_status":"closed","ping_status":"closed","template":"page-template-blank.php","meta":{"_et_pb_use_builder":"on","_et_pb_old_content":"","_et_gb_content_width":"","footnotes":""},"class_list":["post-12","page","type-page","status-publish","hentry"],"_links":{"self":[{"href":"https:\/\/alainbecerra.pro\/index.php\/wp-json\/wp\/v2\/pages\/12","targetHints":{"allow":["GET"]}}],"collection":[{"href":"https:\/\/alainbecerra.pro\/index.php\/wp-json\/wp\/v2\/pages"}],"about":[{"href":"https:\/\/alainbecerra.pro\/index.php\/wp-json\/wp\/v2\/types\/page"}],"author":[{"embeddable":true,"href":"https:\/\/alainbecerra.pro\/index.php\/wp-json\/wp\/v2\/users\/1"}],"replies":[{"embeddable":true,"href":"https:\/\/alainbecerra.pro\/index.php\/wp-json\/wp\/v2\/comments?post=12"}],"version-history":[{"count":29,"href":"https:\/\/alainbecerra.pro\/index.php\/wp-json\/wp\/v2\/pages\/12\/revisions"}],"predecessor-version":[{"id":89,"href":"https:\/\/alainbecerra.pro\/index.php\/wp-json\/wp\/v2\/pages\/12\/revisions\/89"}],"wp:attachment":[{"href":"https:\/\/alainbecerra.pro\/index.php\/wp-json\/wp\/v2\/media?parent=12"}],"curies":[{"name":"wp","href":"https:\/\/api.w.org\/{rel}","templated":true}]}}